{"id":1259,"date":"2024-04-30T15:01:01","date_gmt":"2024-04-30T13:01:01","guid":{"rendered":"https:\/\/www.flexsis.ch\/?page_id=1259"},"modified":"2024-04-30T15:03:30","modified_gmt":"2024-04-30T13:03:30","slug":"die-bewerbungsmappe","status":"publish","type":"page","link":"https:\/\/www.flexsis.ch\/de\/unsere-tipps\/die-bewerbungsmappe\/","title":{"rendered":"Die Bewerbungsmappe: Unsere Tipps f\u00fcr eine erfolgreiche Bewerbung"},"content":{"rendered":"","protected":false},"excerpt":{"rendered":"<p> [&#8230;]<\/p>\n<p><a class=\"btn btn-secondary understrap-read-more-link\" href=\"https:\/\/www.flexsis.ch\/de\/unsere-tipps\/die-bewerbungsmappe\/\">Weiterlesen&#8230;<span class=\"screen-reader-text\"> from Die Bewerbungsmappe: Unsere Tipps f\u00fcr eine erfolgreiche Bewerbung<\/span><\/a><\/p>\n","protected":false},"author":1,"featured_media":0,"parent":1251,"menu_order":0,"comment_status":"closed","ping_status":"closed","template":"page-templates\/template-conseils-dossier.php","meta":{"_monsterinsights_skip_tracking":false,"_monsterinsights_sitenote_active":false,"_monsterinsights_sitenote_note":"","_monsterinsights_sitenote_category":0,"footnotes":""},"class_list":["post-1259","page","type-page","status-publish","hentry"],"yoast_head":"<!-- This site is optimized with the Yoast SEO plugin v26.9 - https:\/\/yoast.com\/product\/yoast-seo-wordpress\/ -->\n<title>Flexsis<\/title>\n<meta name=\"description\" content=\"Die Bewerbungsmappe ist eines der wichtigsten Dokumente bei der Stellensuche, sei es f\u00fcr feste oder befristete Anstellungen. Sie kann knapp gehalten oder auch sehr detailliert sein, jedoch bestimmte Dokumente wie Lebenslauf und Anschreiben m\u00fcssen enthalten sein, wenn Sie die M\u00f6glichkeit haben m\u00f6chten, zu einem Vorstellungsgespr\u00e4ch eingeladen zu werden.\" \/>\n<meta name=\"robots\" content=\"index, follow, max-snippet:-1, max-image-preview:large, max-video-preview:-1\" \/>\n<link rel=\"canonical\" href=\"https:\/\/www.interiman-group.ch\/de\/die-bewerbungsmappe\/\" \/>\n<meta property=\"og:locale\" content=\"de_DE\" \/>\n<meta property=\"og:type\" content=\"article\" \/>\n<meta property=\"og:title\" content=\"Die Bewerbungsmappe: Unsere Tipps f\u00fcr eine erfolgreiche Bewerbung - Flexsis\" \/>\n<meta property=\"og:description\" content=\"Die Bewerbungsmappe ist eines der wichtigsten Dokumente bei der Stellensuche, sei es f\u00fcr feste oder befristete Anstellungen. Sie kann knapp gehalten oder auch sehr detailliert sein, jedoch bestimmte Dokumente wie Lebenslauf und Anschreiben m\u00fcssen enthalten sein, wenn Sie die M\u00f6glichkeit haben m\u00f6chten, zu einem Vorstellungsgespr\u00e4ch eingeladen zu werden.\" \/>\n<meta property=\"og:url\" content=\"https:\/\/www.interiman-group.ch\/de\/die-bewerbungsmappe\/\" \/>\n<meta property=\"og:site_name\" content=\"Flexsis\" \/>\n<meta property=\"article:modified_time\" content=\"2024-04-30T13:03:30+00:00\" \/>\n<meta property=\"og:image\" content=\"https:\/\/www.flexsis.ch\/wp-content\/uploads\/2024\/02\/flexsis_1200x675.jpg\" \/>\n\t<meta property=\"og:image:width\" content=\"1200\" \/>\n\t<meta property=\"og:image:height\" content=\"675\" \/>\n\t<meta property=\"og:image:type\" content=\"image\/jpeg\" \/>\n<meta name=\"twitter:card\" content=\"summary_large_image\" \/>\n<script type=\"application\/ld+json\" class=\"yoast-schema-graph\">{\"@context\":\"https:\/\/schema.org\",\"@graph\":[{\"@type\":\"WebPage\",\"@id\":\"https:\/\/www.flexsis.ch\/de\/unsere-tipps\/die-bewerbungsmappe\/\",\"url\":\"https:\/\/www.interiman-group.ch\/de\/die-bewerbungsmappe\/\",\"name\":\"Die Bewerbungsmappe: Unsere Tipps f\u00fcr eine erfolgreiche Bewerbung - Flexsis\",\"isPartOf\":{\"@id\":\"https:\/\/www.flexsis.ch\/de\/#website\"},\"datePublished\":\"2024-04-30T13:01:01+00:00\",\"dateModified\":\"2024-04-30T13:03:30+00:00\",\"description\":\"Die Bewerbungsmappe ist eines der wichtigsten Dokumente bei der Stellensuche, sei es f\u00fcr feste oder befristete Anstellungen. Sie kann knapp gehalten oder auch sehr detailliert sein, jedoch bestimmte Dokumente wie Lebenslauf und Anschreiben m\u00fcssen enthalten sein, wenn Sie die M\u00f6glichkeit haben m\u00f6chten, zu einem Vorstellungsgespr\u00e4ch eingeladen zu werden.\",\"breadcrumb\":{\"@id\":\"https:\/\/www.interiman-group.ch\/de\/die-bewerbungsmappe\/#breadcrumb\"},\"inLanguage\":\"de\",\"potentialAction\":[{\"@type\":\"ReadAction\",\"target\":[\"https:\/\/www.interiman-group.ch\/de\/die-bewerbungsmappe\/\"]}]},{\"@type\":\"BreadcrumbList\",\"@id\":\"https:\/\/www.interiman-group.ch\/de\/die-bewerbungsmappe\/#breadcrumb\",\"itemListElement\":[{\"@type\":\"ListItem\",\"position\":1,\"name\":\"Accueil\",\"item\":\"https:\/\/www.flexsis.ch\/de\/\"},{\"@type\":\"ListItem\",\"position\":2,\"name\":\"Unsere Tipps: Erfolgreich bewerben &#8211; von der Erstellung der Bewerbungsmappe bis zum Vorstellungsgespr\u00e4ch\",\"item\":\"https:\/\/www.flexsis.ch\/de\/unsere-tipps\/\"},{\"@type\":\"ListItem\",\"position\":3,\"name\":\"Die Bewerbungsmappe: Unsere Tipps f\u00fcr eine erfolgreiche Bewerbung\"}]},{\"@type\":\"WebSite\",\"@id\":\"https:\/\/www.flexsis.ch\/de\/#website\",\"url\":\"https:\/\/www.flexsis.ch\/de\/\",\"name\":\"Flexsis\",\"description\":\"Personalrekrutierung- und vermittlung, fest und tempor\u00e4r\",\"publisher\":{\"@id\":\"https:\/\/www.flexsis.ch\/de\/#organization\"},\"potentialAction\":[{\"@type\":\"SearchAction\",\"target\":{\"@type\":\"EntryPoint\",\"urlTemplate\":\"https:\/\/www.flexsis.ch\/de\/?s={search_term_string}\"},\"query-input\":{\"@type\":\"PropertyValueSpecification\",\"valueRequired\":true,\"valueName\":\"search_term_string\"}}],\"inLanguage\":\"de\"},{\"@type\":\"Organization\",\"@id\":\"https:\/\/www.flexsis.ch\/de\/#organization\",\"name\":\"Flexsis\",\"url\":\"https:\/\/www.flexsis.ch\/de\/\",\"logo\":{\"@type\":\"ImageObject\",\"inLanguage\":\"de\",\"@id\":\"https:\/\/www.flexsis.ch\/de\/#\/schema\/logo\/image\/\",\"url\":\"https:\/\/www.flexsis.ch\/wp-content\/uploads\/2024\/02\/flexsis_696x696.jpg\",\"contentUrl\":\"https:\/\/www.flexsis.ch\/wp-content\/uploads\/2024\/02\/flexsis_696x696.jpg\",\"width\":696,\"height\":696,\"caption\":\"Flexsis\"},\"image\":{\"@id\":\"https:\/\/www.flexsis.ch\/de\/#\/schema\/logo\/image\/\"}}]}<\/script>\n<!-- \/ Yoast SEO plugin. -->","yoast_head_json":{"title":"Flexsis","description":"Die Bewerbungsmappe ist eines der wichtigsten Dokumente bei der Stellensuche, sei es f\u00fcr feste oder befristete Anstellungen. Sie kann knapp gehalten oder auch sehr detailliert sein, jedoch bestimmte Dokumente wie Lebenslauf und Anschreiben m\u00fcssen enthalten sein, wenn Sie die M\u00f6glichkeit haben m\u00f6chten, zu einem Vorstellungsgespr\u00e4ch eingeladen zu werden.","robots":{"index":"index","follow":"follow","max-snippet":"max-snippet:-1","max-image-preview":"max-image-preview:large","max-video-preview":"max-video-preview:-1"},"canonical":"https:\/\/www.interiman-group.ch\/de\/die-bewerbungsmappe\/","og_locale":"de_DE","og_type":"article","og_title":"Die Bewerbungsmappe: Unsere Tipps f\u00fcr eine erfolgreiche Bewerbung - Flexsis","og_description":"Die Bewerbungsmappe ist eines der wichtigsten Dokumente bei der Stellensuche, sei es f\u00fcr feste oder befristete Anstellungen. Sie kann knapp gehalten oder auch sehr detailliert sein, jedoch bestimmte Dokumente wie Lebenslauf und Anschreiben m\u00fcssen enthalten sein, wenn Sie die M\u00f6glichkeit haben m\u00f6chten, zu einem Vorstellungsgespr\u00e4ch eingeladen zu werden.","og_url":"https:\/\/www.interiman-group.ch\/de\/die-bewerbungsmappe\/","og_site_name":"Flexsis","article_modified_time":"2024-04-30T13:03:30+00:00","og_image":[{"width":1200,"height":675,"url":"https:\/\/www.flexsis.ch\/wp-content\/uploads\/2024\/02\/flexsis_1200x675.jpg","type":"image\/jpeg"}],"twitter_card":"summary_large_image","schema":{"@context":"https:\/\/schema.org","@graph":[{"@type":"WebPage","@id":"https:\/\/www.flexsis.ch\/de\/unsere-tipps\/die-bewerbungsmappe\/","url":"https:\/\/www.interiman-group.ch\/de\/die-bewerbungsmappe\/","name":"Die Bewerbungsmappe: Unsere Tipps f\u00fcr eine erfolgreiche Bewerbung - Flexsis","isPartOf":{"@id":"https:\/\/www.flexsis.ch\/de\/#website"},"datePublished":"2024-04-30T13:01:01+00:00","dateModified":"2024-04-30T13:03:30+00:00","description":"Die Bewerbungsmappe ist eines der wichtigsten Dokumente bei der Stellensuche, sei es f\u00fcr feste oder befristete Anstellungen. Sie kann knapp gehalten oder auch sehr detailliert sein, jedoch bestimmte Dokumente wie Lebenslauf und Anschreiben m\u00fcssen enthalten sein, wenn Sie die M\u00f6glichkeit haben m\u00f6chten, zu einem Vorstellungsgespr\u00e4ch eingeladen zu werden.","breadcrumb":{"@id":"https:\/\/www.interiman-group.ch\/de\/die-bewerbungsmappe\/#breadcrumb"},"inLanguage":"de","potentialAction":[{"@type":"ReadAction","target":["https:\/\/www.interiman-group.ch\/de\/die-bewerbungsmappe\/"]}]},{"@type":"BreadcrumbList","@id":"https:\/\/www.interiman-group.ch\/de\/die-bewerbungsmappe\/#breadcrumb","itemListElement":[{"@type":"ListItem","position":1,"name":"Accueil","item":"https:\/\/www.flexsis.ch\/de\/"},{"@type":"ListItem","position":2,"name":"Unsere Tipps: Erfolgreich bewerben &#8211; von der Erstellung der Bewerbungsmappe bis zum Vorstellungsgespr\u00e4ch","item":"https:\/\/www.flexsis.ch\/de\/unsere-tipps\/"},{"@type":"ListItem","position":3,"name":"Die Bewerbungsmappe: Unsere Tipps f\u00fcr eine erfolgreiche Bewerbung"}]},{"@type":"WebSite","@id":"https:\/\/www.flexsis.ch\/de\/#website","url":"https:\/\/www.flexsis.ch\/de\/","name":"Flexsis","description":"Personalrekrutierung- und vermittlung, fest und tempor\u00e4r","publisher":{"@id":"https:\/\/www.flexsis.ch\/de\/#organization"},"potentialAction":[{"@type":"SearchAction","target":{"@type":"EntryPoint","urlTemplate":"https:\/\/www.flexsis.ch\/de\/?s={search_term_string}"},"query-input":{"@type":"PropertyValueSpecification","valueRequired":true,"valueName":"search_term_string"}}],"inLanguage":"de"},{"@type":"Organization","@id":"https:\/\/www.flexsis.ch\/de\/#organization","name":"Flexsis","url":"https:\/\/www.flexsis.ch\/de\/","logo":{"@type":"ImageObject","inLanguage":"de","@id":"https:\/\/www.flexsis.ch\/de\/#\/schema\/logo\/image\/","url":"https:\/\/www.flexsis.ch\/wp-content\/uploads\/2024\/02\/flexsis_696x696.jpg","contentUrl":"https:\/\/www.flexsis.ch\/wp-content\/uploads\/2024\/02\/flexsis_696x696.jpg","width":696,"height":696,"caption":"Flexsis"},"image":{"@id":"https:\/\/www.flexsis.ch\/de\/#\/schema\/logo\/image\/"}}]}},"_links":{"self":[{"href":"https:\/\/www.flexsis.ch\/de\/wp-json\/wp\/v2\/pages\/1259","targetHints":{"allow":["GET"]}}],"collection":[{"href":"https:\/\/www.flexsis.ch\/de\/wp-json\/wp\/v2\/pages"}],"about":[{"href":"https:\/\/www.flexsis.ch\/de\/wp-json\/wp\/v2\/types\/page"}],"author":[{"embeddable":true,"href":"https:\/\/www.flexsis.ch\/de\/wp-json\/wp\/v2\/users\/1"}],"replies":[{"embeddable":true,"href":"https:\/\/www.flexsis.ch\/de\/wp-json\/wp\/v2\/comments?post=1259"}],"version-history":[{"count":1,"href":"https:\/\/www.flexsis.ch\/de\/wp-json\/wp\/v2\/pages\/1259\/revisions"}],"predecessor-version":[{"id":1260,"href":"https:\/\/www.flexsis.ch\/de\/wp-json\/wp\/v2\/pages\/1259\/revisions\/1260"}],"up":[{"embeddable":true,"href":"https:\/\/www.flexsis.ch\/de\/wp-json\/wp\/v2\/pages\/1251"}],"wp:attachment":[{"href":"https:\/\/www.flexsis.ch\/de\/wp-json\/wp\/v2\/media?parent=1259"}],"curies":[{"name":"wp","href":"https:\/\/api.w.org\/{rel}","templated":true}]}}