{"id":1286,"date":"2024-04-30T15:19:06","date_gmt":"2024-04-30T13:19:06","guid":{"rendered":"https:\/\/www.flexsis.ch\/?page_id=1286"},"modified":"2024-04-30T15:21:06","modified_gmt":"2024-04-30T13:21:06","slug":"la-ricerca-di-lavoro","status":"publish","type":"page","link":"https:\/\/www.flexsis.ch\/it\/i-nostri-consigli\/la-ricerca-di-lavoro\/","title":{"rendered":"La ricerca di lavoro: i nostri consigli per trovare il lavoro perfetto"},"content":{"rendered":"","protected":false},"excerpt":{"rendered":"<p> [&#8230;]<\/p>\n<p><a class=\"btn btn-secondary understrap-read-more-link\" href=\"https:\/\/www.flexsis.ch\/it\/i-nostri-consigli\/la-ricerca-di-lavoro\/\">Leggi di pi\u00f9&#8230;<span class=\"screen-reader-text\"> from La ricerca di lavoro: i nostri consigli per trovare il lavoro perfetto<\/span><\/a><\/p>\n","protected":false},"author":1,"featured_media":0,"parent":1253,"menu_order":0,"comment_status":"closed","ping_status":"closed","template":"page-templates\/template-conseils-recherche.php","meta":{"_monsterinsights_skip_tracking":false,"_monsterinsights_sitenote_active":false,"_monsterinsights_sitenote_note":"","_monsterinsights_sitenote_category":0,"footnotes":""},"class_list":["post-1286","page","type-page","status-publish","hentry"],"yoast_head":"<!-- This site is optimized with the Yoast SEO plugin v26.9 - https:\/\/yoast.com\/product\/yoast-seo-wordpress\/ -->\n<title>Flexsis<\/title>\n<meta name=\"description\" content=\"La ricerca di un lavoro pu\u00f2 essere un esercizio che intimidisce molto. Oggigiorno la domanda \u00e8 molto forte, per questo \u00e8 necessario riuscire a distinguersi tra le centinaia di altri candidati disponibili sul mercato. Per avere il massimo di probabilit\u00e0 di farcela in questo periodo a volte complicato, ecco alcuni punti importanti da rispettare per ottimizzare la ricerca e magari trovare il lavoro dei vostri sogni.\" \/>\n<meta name=\"robots\" content=\"index, follow, max-snippet:-1, max-image-preview:large, max-video-preview:-1\" \/>\n<link rel=\"canonical\" href=\"https:\/\/www.interiman-group.ch\/it\/la-ricerca-di-lavoro\/\" \/>\n<meta property=\"og:locale\" content=\"it_IT\" \/>\n<meta property=\"og:type\" content=\"article\" \/>\n<meta property=\"og:title\" content=\"La ricerca di lavoro: i nostri consigli per trovare il lavoro perfetto - Flexsis\" \/>\n<meta property=\"og:description\" content=\"La ricerca di un lavoro pu\u00f2 essere un esercizio che intimidisce molto. Oggigiorno la domanda \u00e8 molto forte, per questo \u00e8 necessario riuscire a distinguersi tra le centinaia di altri candidati disponibili sul mercato. Per avere il massimo di probabilit\u00e0 di farcela in questo periodo a volte complicato, ecco alcuni punti importanti da rispettare per ottimizzare la ricerca e magari trovare il lavoro dei vostri sogni.\" \/>\n<meta property=\"og:url\" content=\"https:\/\/www.interiman-group.ch\/it\/la-ricerca-di-lavoro\/\" \/>\n<meta property=\"og:site_name\" content=\"Flexsis\" \/>\n<meta property=\"article:modified_time\" content=\"2024-04-30T13:21:06+00:00\" \/>\n<meta property=\"og:image\" content=\"https:\/\/www.flexsis.ch\/wp-content\/uploads\/2024\/02\/flexsis_1200x675.jpg\" \/>\n\t<meta property=\"og:image:width\" content=\"1200\" \/>\n\t<meta property=\"og:image:height\" content=\"675\" \/>\n\t<meta property=\"og:image:type\" content=\"image\/jpeg\" \/>\n<meta name=\"twitter:card\" content=\"summary_large_image\" \/>\n<script type=\"application\/ld+json\" class=\"yoast-schema-graph\">{\"@context\":\"https:\/\/schema.org\",\"@graph\":[{\"@type\":\"WebPage\",\"@id\":\"https:\/\/www.flexsis.ch\/it\/i-nostri-consigli\/la-ricerca-di-lavoro\/\",\"url\":\"https:\/\/www.interiman-group.ch\/it\/la-ricerca-di-lavoro\/\",\"name\":\"La ricerca di lavoro: i nostri consigli per trovare il lavoro perfetto - Flexsis\",\"isPartOf\":{\"@id\":\"https:\/\/www.flexsis.ch\/it\/#website\"},\"datePublished\":\"2024-04-30T13:19:06+00:00\",\"dateModified\":\"2024-04-30T13:21:06+00:00\",\"description\":\"La ricerca di un lavoro pu\u00f2 essere un esercizio che intimidisce molto. Oggigiorno la domanda \u00e8 molto forte, per questo \u00e8 necessario riuscire a distinguersi tra le centinaia di altri candidati disponibili sul mercato. Per avere il massimo di probabilit\u00e0 di farcela in questo periodo a volte complicato, ecco alcuni punti importanti da rispettare per ottimizzare la ricerca e magari trovare il lavoro dei vostri sogni.\",\"breadcrumb\":{\"@id\":\"https:\/\/www.interiman-group.ch\/it\/la-ricerca-di-lavoro\/#breadcrumb\"},\"inLanguage\":\"it-IT\",\"potentialAction\":[{\"@type\":\"ReadAction\",\"target\":[\"https:\/\/www.interiman-group.ch\/it\/la-ricerca-di-lavoro\/\"]}]},{\"@type\":\"BreadcrumbList\",\"@id\":\"https:\/\/www.interiman-group.ch\/it\/la-ricerca-di-lavoro\/#breadcrumb\",\"itemListElement\":[{\"@type\":\"ListItem\",\"position\":1,\"name\":\"Accueil\",\"item\":\"https:\/\/www.flexsis.ch\/it\/\"},{\"@type\":\"ListItem\",\"position\":2,\"name\":\"I nostri consigli: Candidarsi con successo &#8211; dalla creazione del dossier di candidatura al colloquio di lavoro\",\"item\":\"https:\/\/www.flexsis.ch\/it\/i-nostri-consigli\/\"},{\"@type\":\"ListItem\",\"position\":3,\"name\":\"La ricerca di lavoro: i nostri consigli per trovare il lavoro perfetto\"}]},{\"@type\":\"WebSite\",\"@id\":\"https:\/\/www.flexsis.ch\/it\/#website\",\"url\":\"https:\/\/www.flexsis.ch\/it\/\",\"name\":\"Flexsis\",\"description\":\"specialisti in offerte di lavoro e reclutamento nell'industria, nella costruzione, nella logistica e nella farmaceutica\",\"publisher\":{\"@id\":\"https:\/\/www.flexsis.ch\/it\/#organization\"},\"potentialAction\":[{\"@type\":\"SearchAction\",\"target\":{\"@type\":\"EntryPoint\",\"urlTemplate\":\"https:\/\/www.flexsis.ch\/it\/?s={search_term_string}\"},\"query-input\":{\"@type\":\"PropertyValueSpecification\",\"valueRequired\":true,\"valueName\":\"search_term_string\"}}],\"inLanguage\":\"it-IT\"},{\"@type\":\"Organization\",\"@id\":\"https:\/\/www.flexsis.ch\/it\/#organization\",\"name\":\"Flexsis\",\"url\":\"https:\/\/www.flexsis.ch\/it\/\",\"logo\":{\"@type\":\"ImageObject\",\"inLanguage\":\"it-IT\",\"@id\":\"https:\/\/www.flexsis.ch\/it\/#\/schema\/logo\/image\/\",\"url\":\"https:\/\/www.flexsis.ch\/wp-content\/uploads\/2024\/02\/flexsis_696x696.jpg\",\"contentUrl\":\"https:\/\/www.flexsis.ch\/wp-content\/uploads\/2024\/02\/flexsis_696x696.jpg\",\"width\":696,\"height\":696,\"caption\":\"Flexsis\"},\"image\":{\"@id\":\"https:\/\/www.flexsis.ch\/it\/#\/schema\/logo\/image\/\"}}]}<\/script>\n<!-- \/ Yoast SEO plugin. -->","yoast_head_json":{"title":"Flexsis","description":"La ricerca di un lavoro pu\u00f2 essere un esercizio che intimidisce molto. Oggigiorno la domanda \u00e8 molto forte, per questo \u00e8 necessario riuscire a distinguersi tra le centinaia di altri candidati disponibili sul mercato. Per avere il massimo di probabilit\u00e0 di farcela in questo periodo a volte complicato, ecco alcuni punti importanti da rispettare per ottimizzare la ricerca e magari trovare il lavoro dei vostri sogni.","robots":{"index":"index","follow":"follow","max-snippet":"max-snippet:-1","max-image-preview":"max-image-preview:large","max-video-preview":"max-video-preview:-1"},"canonical":"https:\/\/www.interiman-group.ch\/it\/la-ricerca-di-lavoro\/","og_locale":"it_IT","og_type":"article","og_title":"La ricerca di lavoro: i nostri consigli per trovare il lavoro perfetto - Flexsis","og_description":"La ricerca di un lavoro pu\u00f2 essere un esercizio che intimidisce molto. Oggigiorno la domanda \u00e8 molto forte, per questo \u00e8 necessario riuscire a distinguersi tra le centinaia di altri candidati disponibili sul mercato. Per avere il massimo di probabilit\u00e0 di farcela in questo periodo a volte complicato, ecco alcuni punti importanti da rispettare per ottimizzare la ricerca e magari trovare il lavoro dei vostri sogni.","og_url":"https:\/\/www.interiman-group.ch\/it\/la-ricerca-di-lavoro\/","og_site_name":"Flexsis","article_modified_time":"2024-04-30T13:21:06+00:00","og_image":[{"width":1200,"height":675,"url":"https:\/\/www.flexsis.ch\/wp-content\/uploads\/2024\/02\/flexsis_1200x675.jpg","type":"image\/jpeg"}],"twitter_card":"summary_large_image","schema":{"@context":"https:\/\/schema.org","@graph":[{"@type":"WebPage","@id":"https:\/\/www.flexsis.ch\/it\/i-nostri-consigli\/la-ricerca-di-lavoro\/","url":"https:\/\/www.interiman-group.ch\/it\/la-ricerca-di-lavoro\/","name":"La ricerca di lavoro: i nostri consigli per trovare il lavoro perfetto - Flexsis","isPartOf":{"@id":"https:\/\/www.flexsis.ch\/it\/#website"},"datePublished":"2024-04-30T13:19:06+00:00","dateModified":"2024-04-30T13:21:06+00:00","description":"La ricerca di un lavoro pu\u00f2 essere un esercizio che intimidisce molto. Oggigiorno la domanda \u00e8 molto forte, per questo \u00e8 necessario riuscire a distinguersi tra le centinaia di altri candidati disponibili sul mercato. Per avere il massimo di probabilit\u00e0 di farcela in questo periodo a volte complicato, ecco alcuni punti importanti da rispettare per ottimizzare la ricerca e magari trovare il lavoro dei vostri sogni.","breadcrumb":{"@id":"https:\/\/www.interiman-group.ch\/it\/la-ricerca-di-lavoro\/#breadcrumb"},"inLanguage":"it-IT","potentialAction":[{"@type":"ReadAction","target":["https:\/\/www.interiman-group.ch\/it\/la-ricerca-di-lavoro\/"]}]},{"@type":"BreadcrumbList","@id":"https:\/\/www.interiman-group.ch\/it\/la-ricerca-di-lavoro\/#breadcrumb","itemListElement":[{"@type":"ListItem","position":1,"name":"Accueil","item":"https:\/\/www.flexsis.ch\/it\/"},{"@type":"ListItem","position":2,"name":"I nostri consigli: Candidarsi con successo &#8211; dalla creazione del dossier di candidatura al colloquio di lavoro","item":"https:\/\/www.flexsis.ch\/it\/i-nostri-consigli\/"},{"@type":"ListItem","position":3,"name":"La ricerca di lavoro: i nostri consigli per trovare il lavoro perfetto"}]},{"@type":"WebSite","@id":"https:\/\/www.flexsis.ch\/it\/#website","url":"https:\/\/www.flexsis.ch\/it\/","name":"Flexsis","description":"specialisti in offerte di lavoro e reclutamento nell'industria, nella costruzione, nella logistica e nella farmaceutica","publisher":{"@id":"https:\/\/www.flexsis.ch\/it\/#organization"},"potentialAction":[{"@type":"SearchAction","target":{"@type":"EntryPoint","urlTemplate":"https:\/\/www.flexsis.ch\/it\/?s={search_term_string}"},"query-input":{"@type":"PropertyValueSpecification","valueRequired":true,"valueName":"search_term_string"}}],"inLanguage":"it-IT"},{"@type":"Organization","@id":"https:\/\/www.flexsis.ch\/it\/#organization","name":"Flexsis","url":"https:\/\/www.flexsis.ch\/it\/","logo":{"@type":"ImageObject","inLanguage":"it-IT","@id":"https:\/\/www.flexsis.ch\/it\/#\/schema\/logo\/image\/","url":"https:\/\/www.flexsis.ch\/wp-content\/uploads\/2024\/02\/flexsis_696x696.jpg","contentUrl":"https:\/\/www.flexsis.ch\/wp-content\/uploads\/2024\/02\/flexsis_696x696.jpg","width":696,"height":696,"caption":"Flexsis"},"image":{"@id":"https:\/\/www.flexsis.ch\/it\/#\/schema\/logo\/image\/"}}]}},"_links":{"self":[{"href":"https:\/\/www.flexsis.ch\/it\/wp-json\/wp\/v2\/pages\/1286","targetHints":{"allow":["GET"]}}],"collection":[{"href":"https:\/\/www.flexsis.ch\/it\/wp-json\/wp\/v2\/pages"}],"about":[{"href":"https:\/\/www.flexsis.ch\/it\/wp-json\/wp\/v2\/types\/page"}],"author":[{"embeddable":true,"href":"https:\/\/www.flexsis.ch\/it\/wp-json\/wp\/v2\/users\/1"}],"replies":[{"embeddable":true,"href":"https:\/\/www.flexsis.ch\/it\/wp-json\/wp\/v2\/comments?post=1286"}],"version-history":[{"count":1,"href":"https:\/\/www.flexsis.ch\/it\/wp-json\/wp\/v2\/pages\/1286\/revisions"}],"predecessor-version":[{"id":1287,"href":"https:\/\/www.flexsis.ch\/it\/wp-json\/wp\/v2\/pages\/1286\/revisions\/1287"}],"up":[{"embeddable":true,"href":"https:\/\/www.flexsis.ch\/it\/wp-json\/wp\/v2\/pages\/1253"}],"wp:attachment":[{"href":"https:\/\/www.flexsis.ch\/it\/wp-json\/wp\/v2\/media?parent=1286"}],"curies":[{"name":"wp","href":"https:\/\/api.w.org\/{rel}","templated":true}]}}